{"id":1057,"date":"2020-02-23T17:25:30","date_gmt":"2020-02-23T17:25:30","guid":{"rendered":"http:\/\/manu.acrylicballads.de\/?page_id=1057"},"modified":"2022-02-15T07:50:25","modified_gmt":"2022-02-15T07:50:25","slug":"biografia-puesta-en-su-punta","status":"publish","type":"page","link":"https:\/\/acrylicballads.de\/?page_id=1057","title":{"rendered":"Biograf\u00eda &#8211; puesta en su punta"},"content":{"rendered":"\n<figure class=\"wp-block-table aligncenter\"><table><tbody><tr><td class=\"has-text-align-center\" data-align=\"center\"><a href=\"http:\/\/acrylicballads.de\/?page_id=1006\"><img decoding=\"async\" class=\"wp-image-1046\" style=\"width: 60px;\" src=\"http:\/\/acrylicballads.de\/wp-content\/uploads\/2020\/02\/germany.jpg\" alt=\"\"><\/a><\/td><td><a href=\"http:\/\/acrylicballads.de\/?page_id=1057\"><img decoding=\"async\" class=\"wp-image-1048\" style=\"width: 60px;\" src=\"http:\/\/acrylicballads.de\/wp-content\/uploads\/2020\/02\/Spanien.jpg\" alt=\"\"><\/a><\/td><td><a href=\"http:\/\/acrylicballads.de\/?page_id=1061\"><img decoding=\"async\" class=\"wp-image-1045\" style=\"width: 60px;\" src=\"http:\/\/acrylicballads.de\/wp-content\/uploads\/2020\/02\/frankreich.jpg\" alt=\"\"><\/a><\/td><td><a href=\"http:\/\/acrylicballads.de\/?page_id=1064\"><img decoding=\"async\" class=\"wp-image-1043\" style=\"width: 60px;\" src=\"http:\/\/acrylicballads.de\/wp-content\/uploads\/2020\/02\/flagge_uk.jpg\" alt=\"\"><\/a><\/td><td><a href=\"http:\/\/acrylicballads.de\/?page_id=1064\"><img decoding=\"async\" class=\"wp-image-1044\" style=\"width: 60px;\" src=\"http:\/\/acrylicballads.de\/wp-content\/uploads\/2020\/02\/flagge_usa.jpg\" alt=\"\"><\/a><\/td><td><a href=\"http:\/\/acrylicballads.de\/?page_id=1064\"><img decoding=\"async\" class=\"wp-image-1042\" style=\"width: 60px;\" src=\"http:\/\/acrylicballads.de\/wp-content\/uploads\/2020\/02\/flagge_kanada.jpg\" alt=\"\"><\/a><\/td><td><a href=\"http:\/\/acrylicballads.de\/?page_id=1066\"><img decoding=\"async\" class=\"wp-image-1049\" style=\"width: 60px;\" src=\"http:\/\/acrylicballads.de\/wp-content\/uploads\/2020\/02\/tuerkei.png\" alt=\"\"><\/a><\/td><td><a href=\"http:\/\/acrylicballads.de\/?page_id=1068\"><img decoding=\"async\" class=\"wp-image-1041\" style=\"width: 60px;\" src=\"http:\/\/acrylicballads.de\/wp-content\/uploads\/2020\/02\/brasilien.jpg\" alt=\"\"><\/a><\/td><td><a href=\"http:\/\/acrylicballads.de\/?page_id=1068\"><img decoding=\"async\" class=\"wp-image-1047\" style=\"width: 60px;\" src=\"http:\/\/acrylicballads.de\/wp-content\/uploads\/2020\/02\/portugal.jpg\" alt=\"\"><\/a><\/td><td><a href=\"https:\/\/acrylicballads.de\/?page_id=1336\" data-type=\"page\" data-id=\"1336\"><img loading=\"lazy\" decoding=\"async\" width=\"60\" height=\"40\" class=\"wp-image-1307\" style=\"width: 60px;\" src=\"https:\/\/acrylicballads.de\/wp-content\/uploads\/2022\/02\/flagge-italien.jpg\" alt=\"\"><\/a><\/td><\/tr><\/tbody><\/table><\/figure>\n\n\n\n<p>Cosas que salen de mis adentros&#8230;&#8230;<\/p>\n\n\n\n<p>Horst Uwe Warnicke naci\u00f3 en Packebusch, localidad situada en Sajonia-Anhalt, se educ\u00f3 en D\u00fcsseldorf, donde, primeramente, visit\u00f3 la escuela primaria cat\u00f3lica, en calidad de &#8222;ni\u00f1o refugiado&#8220;. Cuando asesinaron en el Congo al se\u00f1or Lumumba nosotros, los p\u00e1rvulos, ten\u00edamos que rezar por \u00e9l&#8230;..<\/p>\n\n\n\n<p>Tanto a mi hermano como a m\u00ed, al acostarnos, nuestra madre o nuestro abuelo nos le\u00edan unos cuentecitos para que encontr\u00e1ramos pronto el sue\u00f1o. Fue entonces cuando hice uno de mis primeros dibujos que tuvo su inspiraci\u00f3n en el cuento &#8222;la luz azul&#8220;:&nbsp;<\/p>\n\n\n\n<figure class=\"wp-block-image size-large\"><img loading=\"lazy\" decoding=\"async\" width=\"150\" height=\"200\" src=\"https:\/\/acrylicballads.de\/wp-content\/uploads\/2020\/02\/blaue_licht_k-rotated-e1582396418700.jpg\" alt=\"\" class=\"wp-image-1051\"\/><\/figure>\n\n\n\n<p>Desde mis tiempos como adolescente la pintura se convirti\u00f3 para m\u00ed en un menester que me proporcionaba gran alegr\u00eda, hecho este que a\u00fan perdura con el paso de los a\u00f1os pese a los reveses que, de vez en cuando, la vida me sol\u00eda deparar. Estos sucesos que frequentemente ocurren en el vaiv\u00e9n de la vida, Roger Willemsen los define con mucho acierto como &#8222;incidentes determinantes&#8220;&#8230;..&nbsp;<\/p>\n\n\n\n<p>Durante el curso de mis estudios &#8211; arte, german\u00edstica, psicolog\u00eda individual &#8211; pude aprender y ahondar en materias que me han dado fuerza en la vida y con las cuales, m\u00e1s adelante, pude ser \u00fatil en la ayuda a otras personas. Durante mis estudios recib\u00ed con agradecimiento una serie de valiosos y humor\u00edsticos impulsos de parte de Walter C\u00fcppers, Klaus-Hinrich Roth y Gudula List y pude disfrutar de unas muy queridas amistades con ciertas personas con las cuales me siento hasta el d\u00eda de hoy muy unido&#8230;..&nbsp;<\/p>\n\n\n\n<p>Si anta\u00f1o las historietas y los relatos fueron los que en m\u00ed desencadenaron una &#8222;pasi\u00f3n irrefrenable&#8220; por la pintura, con el paso de los a\u00f1os fue la m\u00fasica (especialmente Bossanova &#8211; la hija de la Samba y el Swing) la que, de forma determinante se apoder\u00f3 de m\u00ed y me hizo conocer la felicidad que entra\u00f1a el poder viajar&#8230;.&nbsp;<\/p>\n\n\n\n<p>Durante esta \u00e9poca estuve pintando con contenidos meditativos lo que me llev\u00f3 a entregarme totalmente a esa emocionante sensaci\u00f3n, llena de inspiraciones, para que se me permitiera descubrir y expresar la magia de los &#8222;mundos ocultos&#8220;. Estoy convencido que para m\u00ed las cosas de mayor importancia son: esperanza, dormir y reir, sin olvidarnos de que nuestro paso como meros hu\u00e9spedes por este nuestro planeta es tremendamente ef\u00edmero.&nbsp;<\/p>\n\n\n\n<p>Espero que lo dicho con brevedad haya despertado su inter\u00e9s. Ahora les invito que se pas\u00e9en conmigo por el mundo de las im\u00e1genes.<\/p>\n\n\n\n<div class=\"wp-block-image\"><figure class=\"aligncenter size-large\"><img loading=\"lazy\" decoding=\"async\" width=\"320\" height=\"320\" src=\"https:\/\/acrylicballads.de\/wp-content\/uploads\/2020\/02\/Horst_profil.jpg\" alt=\"\" class=\"wp-image-1038\" srcset=\"https:\/\/acrylicballads.de\/wp-content\/uploads\/2020\/02\/Horst_profil.jpg 320w, https:\/\/acrylicballads.de\/wp-content\/uploads\/2020\/02\/Horst_profil-300x300.jpg 300w, https:\/\/acrylicballads.de\/wp-content\/uploads\/2020\/02\/Horst_profil-150x150.jpg 150w\" sizes=\"auto, (max-width: 320px) 85vw, 320px\" \/><\/figure><\/div>\n","protected":false},"excerpt":{"rendered":"<p>Cosas que salen de mis adentros&#8230;&#8230; Horst Uwe Warnicke naci\u00f3 en Packebusch, localidad situada en Sajonia-Anhalt, se educ\u00f3 en D\u00fcsseldorf, donde, primeramente, visit\u00f3 la escuela primaria cat\u00f3lica, en calidad de &#8222;ni\u00f1o refugiado&#8220;. Cuando asesinaron en el Congo al se\u00f1or Lumumba nosotros, los p\u00e1rvulos, ten\u00edamos que rezar por \u00e9l&#8230;.. Tanto a mi hermano como a m\u00ed, &hellip; <a href=\"https:\/\/acrylicballads.de\/?page_id=1057\" class=\"more-link\"><span class=\"screen-reader-text\">\u201eBiograf\u00eda &#8211; puesta en su punta\u201c <\/span>weiterlesen<\/a><\/p>\n","protected":false},"author":1,"featured_media":0,"parent":0,"menu_order":0,"comment_status":"closed","ping_status":"closed","template":"","meta":{"footnotes":""},"class_list":["post-1057","page","type-page","status-publish","hentry"],"_links":{"self":[{"href":"https:\/\/acrylicballads.de\/index.php?rest_route=\/wp\/v2\/pages\/1057","targetHints":{"allow":["GET"]}}],"collection":[{"href":"https:\/\/acrylicballads.de\/index.php?rest_route=\/wp\/v2\/pages"}],"about":[{"href":"https:\/\/acrylicballads.de\/index.php?rest_route=\/wp\/v2\/types\/page"}],"author":[{"embeddable":true,"href":"https:\/\/acrylicballads.de\/index.php?rest_route=\/wp\/v2\/users\/1"}],"replies":[{"embeddable":true,"href":"https:\/\/acrylicballads.de\/index.php?rest_route=%2Fwp%2Fv2%2Fcomments&post=1057"}],"version-history":[{"count":6,"href":"https:\/\/acrylicballads.de\/index.php?rest_route=\/wp\/v2\/pages\/1057\/revisions"}],"predecessor-version":[{"id":1341,"href":"https:\/\/acrylicballads.de\/index.php?rest_route=\/wp\/v2\/pages\/1057\/revisions\/1341"}],"wp:attachment":[{"href":"https:\/\/acrylicballads.de\/index.php?rest_route=%2Fwp%2Fv2%2Fmedia&parent=1057"}],"curies":[{"name":"wp","href":"https:\/\/api.w.org\/{rel}","templated":true}]}}