{"id":1061,"date":"2020-02-23T17:25:49","date_gmt":"2020-02-23T17:25:49","guid":{"rendered":"http:\/\/manu.acrylicballads.de\/?page_id=1061"},"modified":"2022-02-15T07:51:04","modified_gmt":"2022-02-15T07:51:04","slug":"biographie-mise-au-point","status":"publish","type":"page","link":"https:\/\/acrylicballads.de\/?page_id=1061","title":{"rendered":"Biographie \u2013 mise au point"},"content":{"rendered":"\n<figure class=\"wp-block-table aligncenter\"><table><tbody><tr><td class=\"has-text-align-center\" data-align=\"center\"><a href=\"http:\/\/acrylicballads.de\/?page_id=1006\"><img decoding=\"async\" class=\"wp-image-1046\" style=\"width: 60px;\" src=\"http:\/\/acrylicballads.de\/wp-content\/uploads\/2020\/02\/germany.jpg\" alt=\"\"><\/a><\/td><td><a href=\"http:\/\/acrylicballads.de\/?page_id=1057\"><img decoding=\"async\" class=\"wp-image-1048\" style=\"width: 60px;\" src=\"http:\/\/acrylicballads.de\/wp-content\/uploads\/2020\/02\/Spanien.jpg\" alt=\"\"><\/a><\/td><td><a href=\"http:\/\/acrylicballads.de\/?page_id=1061\"><img decoding=\"async\" class=\"wp-image-1045\" style=\"width: 60px;\" src=\"http:\/\/acrylicballads.de\/wp-content\/uploads\/2020\/02\/frankreich.jpg\" alt=\"\"><\/a><\/td><td><a href=\"http:\/\/acrylicballads.de\/?page_id=1064\"><img decoding=\"async\" class=\"wp-image-1043\" style=\"width: 60px;\" src=\"http:\/\/acrylicballads.de\/wp-content\/uploads\/2020\/02\/flagge_uk.jpg\" alt=\"\"><\/a><\/td><td><a href=\"http:\/\/acrylicballads.de\/?page_id=1064\"><img decoding=\"async\" class=\"wp-image-1044\" style=\"width: 60px;\" src=\"http:\/\/acrylicballads.de\/wp-content\/uploads\/2020\/02\/flagge_usa.jpg\" alt=\"\"><\/a><\/td><td><a href=\"http:\/\/acrylicballads.de\/?page_id=1064\"><img decoding=\"async\" class=\"wp-image-1042\" style=\"width: 60px;\" src=\"http:\/\/acrylicballads.de\/wp-content\/uploads\/2020\/02\/flagge_kanada.jpg\" alt=\"\"><\/a><\/td><td><a href=\"http:\/\/acrylicballads.de\/?page_id=1066\"><img decoding=\"async\" class=\"wp-image-1049\" style=\"width: 60px;\" src=\"http:\/\/acrylicballads.de\/wp-content\/uploads\/2020\/02\/tuerkei.png\" alt=\"\"><\/a><\/td><td><a href=\"http:\/\/acrylicballads.de\/?page_id=1068\"><img decoding=\"async\" class=\"wp-image-1041\" style=\"width: 60px;\" src=\"http:\/\/acrylicballads.de\/wp-content\/uploads\/2020\/02\/brasilien.jpg\" alt=\"\"><\/a><\/td><td><a href=\"http:\/\/acrylicballads.de\/?page_id=1068\"><img decoding=\"async\" class=\"wp-image-1047\" style=\"width: 60px;\" src=\"http:\/\/acrylicballads.de\/wp-content\/uploads\/2020\/02\/portugal.jpg\" alt=\"\"><\/a><\/td><td><a href=\"https:\/\/acrylicballads.de\/?page_id=1336\" data-type=\"page\" data-id=\"1336\"><img loading=\"lazy\" decoding=\"async\" width=\"60\" height=\"40\" class=\"wp-image-1307\" style=\"width: 60px;\" src=\"https:\/\/acrylicballads.de\/wp-content\/uploads\/2022\/02\/flagge-italien.jpg\" alt=\"\"><\/a><\/td><\/tr><\/tbody><\/table><\/figure>\n\n\n\n<p>Vu de l&#8217;Int\u00e9rieur&#8230;&#8230;&#8230;&#8230;&#8230;&#8230;&#8230;<\/p>\n\n\n\n<p>Horst Uwe Warnicke a \u00e9t\u00e9 n\u00e9 \u00e0 Packebusch\/Sachsen-Anhalt. Faisant donc partie d&#8217;une &#8222;famille de r\u00e9fugi\u00e9s&#8220; il a pass\u00e9 son enfance \u00e0 Duesseldorf, o\u00f9 il est all\u00e9 \u00e0 une \u00e9cole primaire catholique. Quand Monsieur Lumumba fut assassin\u00e9 au Kongo nous &#8211; les plus petits &#8211; devions prier pour lui&#8230;.&nbsp;<\/p>\n\n\n\n<p>Avant d&#8217;endormir le soir, notre m\u00e8re ou le grand-p\u00e8re nous ont lu -\u00e0 mon fr\u00e8re et \u00e0 moi &#8211; des petites histoires ou des contes. De ce temps-l\u00e0 il existe encore un des premiers tableaux que j&#8217;avais peint d&#8217;apr\u00e8s le conte<\/p>\n\n\n\n<p> &#8222;La lumi\u00e8re bleu&#8220;:&nbsp;<\/p>\n\n\n\n<figure class=\"wp-block-image size-large\"><img loading=\"lazy\" decoding=\"async\" width=\"150\" height=\"200\" src=\"https:\/\/acrylicballads.de\/wp-content\/uploads\/2020\/02\/blaue_licht_k-rotated-e1582396418700.jpg\" alt=\"\" class=\"wp-image-1051\"\/><\/figure>\n\n\n\n<p>Depuis ma premi\u00e8re enfance j&#8217;ai aim\u00e9 peindre, et cet amour s&#8217;est maintenu jusqu&#8217;\u00e0 aujourd&#8217;hui &#8211; m\u00eame en temps difficiles et dures, caract\u00e9ris\u00e9s si bien comme &#8222;Knackse&#8220; &#8211; des fissures &#8211; dans le livre de Roger Willemsen.&nbsp;<\/p>\n\n\n\n<p>Pendant mes \u00e9tudes de l&#8217;art et des langues germanistiques ainsi que de la psychologie individuelle j&#8217;ai pu faire beaucoup d&#8217;exp\u00e9riences d\u00e9veloppant ainsi peu \u00e0 peu la facult\u00e9 et l&#8217;empathie pour aussi aider \u00e0 mes prochains. C&#8217;\u00e9taient surtout Walter C\u00fcppers, Klaus-Hinrich Roth et Gudula List qui en ce temps-l\u00e0 m&#8217;ont toujours encourag\u00e9 et \u00e0 qui je dois beaucoup ainsi q&#8217;\u00e0 l&#8217;appui d&#8217;autres amis auxquels je suis li\u00e9 jusqu&#8217;\u00e0 aujourd&#8217;hui.&nbsp;<\/p>\n\n\n\n<p>Si pendant mon enfance c&#8217;\u00e9taient les contes et les histoires qui m&#8217;inspiraient en me faisant envie de peindre, c&#8217;\u00e9tait plus tard la musique qui devait jouer le m\u00eame r\u00f4le (surtout la Bossa Nova &#8211; fille du Samba et du Swing). Plus tard encore j&#8217;ai eu la chance de voyager. Et toutes les nouvelles impressions, qui au long de ces voyages ont boulevers\u00e9 l&#8217;oeil et l&#8217;\u00e2me, j&#8217;ai d\u00fb les fixer sur papier.&nbsp;<\/p>\n\n\n\n<p>Ainsi les tableaux se pr\u00e9sentent plut\u00f4t d&#8217;une mani\u00e8re m\u00e9ditative. C&#8217;est-\u00e0-dire je m&#8217;abandonne \u00e0 des inspirations venant de tout &#8222;un monde de l&#8217;Int\u00e9rieure&#8220; qui veulent \u00eatre exprim\u00e9s. L&#8217;espoir, le sommeil et rire &#8211; c&#8217;est ce qui est devenu essentiel pour moi. Et la certitude qu&#8217;ici nous ne sommes que des h\u00f4tes pour un temps beaucoup trop court.&nbsp;<\/p>\n\n\n\n<p>Ces quelques indications vont suffire, je pense. Et maintenant j&#8217;aimerais vous inviter \u00e0 se promener dans ce &#8222;monde des images&#8220;!&nbsp;<\/p>\n\n\n\n<div class=\"wp-block-image\"><figure class=\"aligncenter size-large\"><img loading=\"lazy\" decoding=\"async\" width=\"320\" height=\"320\" src=\"https:\/\/acrylicballads.de\/wp-content\/uploads\/2020\/02\/Horst_profil.jpg\" alt=\"\" class=\"wp-image-1038\" srcset=\"https:\/\/acrylicballads.de\/wp-content\/uploads\/2020\/02\/Horst_profil.jpg 320w, https:\/\/acrylicballads.de\/wp-content\/uploads\/2020\/02\/Horst_profil-300x300.jpg 300w, https:\/\/acrylicballads.de\/wp-content\/uploads\/2020\/02\/Horst_profil-150x150.jpg 150w\" sizes=\"auto, (max-width: 320px) 85vw, 320px\" \/><\/figure><\/div>\n","protected":false},"excerpt":{"rendered":"<p>Vu de l&#8217;Int\u00e9rieur&#8230;&#8230;&#8230;&#8230;&#8230;&#8230;&#8230; Horst Uwe Warnicke a \u00e9t\u00e9 n\u00e9 \u00e0 Packebusch\/Sachsen-Anhalt. Faisant donc partie d&#8217;une &#8222;famille de r\u00e9fugi\u00e9s&#8220; il a pass\u00e9 son enfance \u00e0 Duesseldorf, o\u00f9 il est all\u00e9 \u00e0 une \u00e9cole primaire catholique. Quand Monsieur Lumumba fut assassin\u00e9 au Kongo nous &#8211; les plus petits &#8211; devions prier pour lui&#8230;.&nbsp; Avant d&#8217;endormir le soir, &hellip; <a href=\"https:\/\/acrylicballads.de\/?page_id=1061\" class=\"more-link\"><span class=\"screen-reader-text\">\u201eBiographie \u2013 mise au point\u201c <\/span>weiterlesen<\/a><\/p>\n","protected":false},"author":1,"featured_media":0,"parent":0,"menu_order":0,"comment_status":"closed","ping_status":"closed","template":"","meta":{"footnotes":""},"class_list":["post-1061","page","type-page","status-publish","hentry"],"_links":{"self":[{"href":"https:\/\/acrylicballads.de\/index.php?rest_route=\/wp\/v2\/pages\/1061","targetHints":{"allow":["GET"]}}],"collection":[{"href":"https:\/\/acrylicballads.de\/index.php?rest_route=\/wp\/v2\/pages"}],"about":[{"href":"https:\/\/acrylicballads.de\/index.php?rest_route=\/wp\/v2\/types\/page"}],"author":[{"embeddable":true,"href":"https:\/\/acrylicballads.de\/index.php?rest_route=\/wp\/v2\/users\/1"}],"replies":[{"embeddable":true,"href":"https:\/\/acrylicballads.de\/index.php?rest_route=%2Fwp%2Fv2%2Fcomments&post=1061"}],"version-history":[{"count":7,"href":"https:\/\/acrylicballads.de\/index.php?rest_route=\/wp\/v2\/pages\/1061\/revisions"}],"predecessor-version":[{"id":1342,"href":"https:\/\/acrylicballads.de\/index.php?rest_route=\/wp\/v2\/pages\/1061\/revisions\/1342"}],"wp:attachment":[{"href":"https:\/\/acrylicballads.de\/index.php?rest_route=%2Fwp%2Fv2%2Fmedia&parent=1061"}],"curies":[{"name":"wp","href":"https:\/\/api.w.org\/{rel}","templated":true}]}}