{"id":1066,"date":"2020-02-23T17:25:59","date_gmt":"2020-02-23T17:25:59","guid":{"rendered":"http:\/\/manu.acrylicballads.de\/?page_id=1066"},"modified":"2022-02-15T07:52:00","modified_gmt":"2022-02-15T07:52:00","slug":"biyografi","status":"publish","type":"page","link":"https:\/\/acrylicballads.de\/?page_id=1066","title":{"rendered":"Biyografi"},"content":{"rendered":"\n<figure class=\"wp-block-table aligncenter\"><table><tbody><tr><td class=\"has-text-align-center\" data-align=\"center\"><a href=\"http:\/\/acrylicballads.de\/?page_id=1006\"><img decoding=\"async\" class=\"wp-image-1046\" style=\"width: 60px;\" src=\"http:\/\/acrylicballads.de\/wp-content\/uploads\/2020\/02\/germany.jpg\" alt=\"\"><\/a><\/td><td><a href=\"http:\/\/acrylicballads.de\/?page_id=1057\"><img decoding=\"async\" class=\"wp-image-1048\" style=\"width: 60px;\" src=\"http:\/\/acrylicballads.de\/wp-content\/uploads\/2020\/02\/Spanien.jpg\" alt=\"\"><\/a><\/td><td><a href=\"http:\/\/acrylicballads.de\/?page_id=1061\"><img decoding=\"async\" class=\"wp-image-1045\" style=\"width: 60px;\" src=\"http:\/\/acrylicballads.de\/wp-content\/uploads\/2020\/02\/frankreich.jpg\" alt=\"\"><\/a><\/td><td><a href=\"http:\/\/acrylicballads.de\/?page_id=1064\"><img decoding=\"async\" class=\"wp-image-1043\" style=\"width: 60px;\" src=\"http:\/\/acrylicballads.de\/wp-content\/uploads\/2020\/02\/flagge_uk.jpg\" alt=\"\"><\/a><\/td><td><a href=\"http:\/\/acrylicballads.de\/?page_id=1064\"><img decoding=\"async\" class=\"wp-image-1044\" style=\"width: 60px;\" src=\"http:\/\/acrylicballads.de\/wp-content\/uploads\/2020\/02\/flagge_usa.jpg\" alt=\"\"><\/a><\/td><td><a href=\"http:\/\/acrylicballads.de\/?page_id=1064\"><img decoding=\"async\" class=\"wp-image-1042\" style=\"width: 60px;\" src=\"http:\/\/acrylicballads.de\/wp-content\/uploads\/2020\/02\/flagge_kanada.jpg\" alt=\"\"><\/a><\/td><td><a href=\"http:\/\/acrylicballads.de\/?page_id=1066\"><img decoding=\"async\" class=\"wp-image-1049\" style=\"width: 60px;\" src=\"http:\/\/acrylicballads.de\/wp-content\/uploads\/2020\/02\/tuerkei.png\" alt=\"\"><\/a><\/td><td><a href=\"http:\/\/acrylicballads.de\/?page_id=1068\"><img decoding=\"async\" class=\"wp-image-1041\" style=\"width: 60px;\" src=\"http:\/\/acrylicballads.de\/wp-content\/uploads\/2020\/02\/brasilien.jpg\" alt=\"\"><\/a><\/td><td><a href=\"http:\/\/acrylicballads.de\/?page_id=1068\"><img decoding=\"async\" class=\"wp-image-1047\" style=\"width: 60px;\" src=\"http:\/\/acrylicballads.de\/wp-content\/uploads\/2020\/02\/portugal.jpg\" alt=\"\"><\/a><\/td><td><a href=\"https:\/\/acrylicballads.de\/?page_id=1336\" data-type=\"page\" data-id=\"1336\"><img loading=\"lazy\" decoding=\"async\" width=\"60\" height=\"40\" class=\"wp-image-1307\" style=\"width: 60px;\" src=\"https:\/\/acrylicballads.de\/wp-content\/uploads\/2022\/02\/flagge-italien.jpg\" alt=\"\"><\/a><\/td><\/tr><\/tbody><\/table><\/figure>\n\n\n\n<p>\u0130\u00e7&nbsp;d\u00fcnyadan&nbsp;d\u0131\u015far\u0131ya\u2026\u2026\u2026\u2026\u2026\u2026.<\/p>\n\n\n\n<p><br><br>Horst Uwe Warnicke,&nbsp;Almanya\u2019n\u0131n&nbsp;Sachsen-Anhlat&nbsp;eyaletinde&nbsp;Packebusch&nbsp;ismindebir&nbsp;kasabada&nbsp;do\u011fdu&nbsp;ve&nbsp;D\u00fcsseldorf&nbsp;\u015fehrinde&nbsp;\u201em\u00fclteci&nbsp;\u00e7ocuk\u201c&nbsp;olarak&nbsp;b\u00fcy\u00fcd\u00fc.&nbsp;E\u011fitimhayat\u0131na&nbsp;burada&nbsp;bulunan&nbsp;Katolik&nbsp;\u0130lk\u00f6\u011fretim&nbsp;Okulun\u2018da&nbsp;ba\u015flad\u0131. Bay&nbsp;Lumumba,Kongo\u2018da&nbsp;\u00f6ld\u00fcr\u00fcld\u00fc\u011f\u00fc&nbsp;zaman&nbsp;biz&nbsp;\u00e7ocuklar\u0131n\u0131n&nbsp;da&nbsp;tanr\u0131ya&nbsp;dua&nbsp;etmesi&nbsp;gerekiyordu\u2026<\/p>\n\n\n\n<p><br><br>Annem&nbsp;ve&nbsp;dedem,&nbsp;karde\u015fime&nbsp;ve&nbsp;bana&nbsp;s\u0131k&nbsp;s\u0131k&nbsp;masal&nbsp;anlat\u0131rlard\u0131. O&nbsp;zamandankalma, \u201eMavi&nbsp;I\u015f\u0131k\u201c&nbsp;olarak&nbsp;anlat\u0131lan&nbsp;masaldaki&nbsp;ilk&nbsp;resimlerden&nbsp;birini&nbsp;hala&nbsp;saklar\u0131m:<\/p>\n\n\n\n<figure class=\"wp-block-image size-large\"><img loading=\"lazy\" decoding=\"async\" width=\"150\" height=\"200\" src=\"https:\/\/acrylicballads.de\/wp-content\/uploads\/2020\/02\/blaue_licht_k-rotated-e1582396418700.jpg\" alt=\"\" class=\"wp-image-1051\"\/><\/figure>\n\n\n\n<p><br><br><br>\u00c7ocuklu\u011fumdan&nbsp;beri&nbsp;resim&nbsp;yapmak&nbsp;bana&nbsp;hep&nbsp;huzur&nbsp;ve&nbsp;ne\u015fe&nbsp;vermi\u015ftir.&nbsp;Bu&nbsp;ne\u015fege\u00e7en&nbsp;yillarla&nbsp;birlikte&nbsp;ya\u015fad\u0131\u011f\u0131m&nbsp;t\u00fcm&nbsp;olaylarda&nbsp;etkisini&nbsp;s\u00fcrd\u00fcrd\u00fc.&nbsp;G\u00fcnl\u00fck&nbsp;hayat\u0131ni\u00e7inde&nbsp;herkesin&nbsp;ya\u015fad\u0131\u011f\u0131&nbsp;olaylar&nbsp;Roger&nbsp;Willemsen\u2018\u0131n&nbsp;kitab\u0131nda&nbsp;\u201e\u00c7at\u0131rt\u0131\u201c&nbsp;ad\u0131yla&nbsp;hayatbuldu.<\/p>\n\n\n\n<p><br><br>\u00dcniversitede&nbsp;G\u00fczel&nbsp;Sanatlar,&nbsp;Alman&nbsp;Dili&nbsp;ve&nbsp;Edebiyat\u0131&nbsp;ve&nbsp;Psikoloji&nbsp;okumam&nbsp;banahayat\u0131mda&nbsp;\u00e7ok&nbsp;\u015feyler&nbsp;\u00f6\u011fretti.&nbsp;Ald\u0131\u011f\u0131m&nbsp;bu&nbsp;e\u011fitimler,&nbsp;ba\u015fkalar\u0131na&nbsp;da&nbsp;yard\u0131mc\u0131olabilmemi&nbsp;sa\u011flad\u0131.&nbsp;\u00d6zellikle&nbsp;\u00fcniversite&nbsp;hayat\u0131mda&nbsp;verdikleri&nbsp;\u00f6nemli&nbsp;destekleri&nbsp;i\u00e7inWalter&nbsp;C\u00fcppers, Klaus-Hinrich Roth&nbsp;ve&nbsp;Gudula&nbsp;List\u2018e,&nbsp;ve&nbsp;ayr\u0131ca&nbsp;\u015fefkatli&nbsp;dostlar\u0131mave&nbsp;bu&nbsp;g\u00fcne&nbsp;kadar&nbsp;hep&nbsp;yan\u0131mda&nbsp;hissetti\u011fim&nbsp;arkada\u015flar\u0131ma&nbsp;\u00e7ok&nbsp;te\u015fekk\u00fcr&nbsp;etmekistiyorum.<\/p>\n\n\n\n<p><br><br>\u0130lk&nbsp;ba\u015fta&nbsp;hikayeler&nbsp;ve&nbsp;masallar&nbsp;i\u00e7imdeki&nbsp;resim&nbsp;yapma&nbsp;arzusunu&nbsp;gidereky\u00fckseltirken&nbsp;sonraki&nbsp;y\u0131llarda&nbsp;buna&nbsp;m\u00fczik&nbsp;a\u015fk\u0131&nbsp;da&nbsp;eklendi.&nbsp;\u00d6zellikle Bossa Nova \u2013 Samba ve Swing\u2018in \u201ek\u0131z\u0131\u201c olarak olu\u015ftu. Zamanla bu a\u015fk ba\u015fka bir boyuta ge\u00e7ti.&nbsp;O da d\u00fcnyay\u0131 gezme \u015fans\u0131\u2026<\/p>\n\n\n\n<p><br><br>Dolay\u0131s\u0131yla manevi resimler yarat\u0131ld\u0131. Bu resimler, bende \u201ei\u00e7 d\u00fcnyay\u0131\u201e ke\u015ffetmeyi, bunu anlatmay\u0131 sa\u011flayan esinli bir duyguya yer a\u00e7t\u0131. Umut, Uyku ve Kahkaha\u2018n\u0131n ve bu k\u0131sa hayatta sadece bir misafir oldu\u011fumuzu bilme emanetinin hayat\u0131mda \u00e7ok b\u00fcy\u00fck anlamlar\u0131 vard\u0131r.<\/p>\n\n\n\n<div class=\"wp-block-image\"><figure class=\"aligncenter size-large\"><img loading=\"lazy\" decoding=\"async\" width=\"320\" height=\"320\" src=\"https:\/\/acrylicballads.de\/wp-content\/uploads\/2020\/02\/Horst_profil.jpg\" alt=\"\" class=\"wp-image-1038\" srcset=\"https:\/\/acrylicballads.de\/wp-content\/uploads\/2020\/02\/Horst_profil.jpg 320w, https:\/\/acrylicballads.de\/wp-content\/uploads\/2020\/02\/Horst_profil-300x300.jpg 300w, https:\/\/acrylicballads.de\/wp-content\/uploads\/2020\/02\/Horst_profil-150x150.jpg 150w\" sizes=\"auto, (max-width: 320px) 85vw, 320px\" \/><\/figure><\/div>\n\n\n\n<p><br><br>Umuyorum ki, bu k\u0131sa emanetler bizler i\u00e7in yeterli olacakt\u0131r. \u015eimdi sizleri resimle d\u00fcnyay\u0131 ke\u015ffetmeye davet etmek istiyorum.&nbsp; &nbsp;<br><br><\/p>\n","protected":false},"excerpt":{"rendered":"<p>\u0130\u00e7&nbsp;d\u00fcnyadan&nbsp;d\u0131\u015far\u0131ya\u2026\u2026\u2026\u2026\u2026\u2026. Horst Uwe Warnicke,&nbsp;Almanya\u2019n\u0131n&nbsp;Sachsen-Anhlat&nbsp;eyaletinde&nbsp;Packebusch&nbsp;ismindebir&nbsp;kasabada&nbsp;do\u011fdu&nbsp;ve&nbsp;D\u00fcsseldorf&nbsp;\u015fehrinde&nbsp;\u201em\u00fclteci&nbsp;\u00e7ocuk\u201c&nbsp;olarak&nbsp;b\u00fcy\u00fcd\u00fc.&nbsp;E\u011fitimhayat\u0131na&nbsp;burada&nbsp;bulunan&nbsp;Katolik&nbsp;\u0130lk\u00f6\u011fretim&nbsp;Okulun\u2018da&nbsp;ba\u015flad\u0131. Bay&nbsp;Lumumba,Kongo\u2018da&nbsp;\u00f6ld\u00fcr\u00fcld\u00fc\u011f\u00fc&nbsp;zaman&nbsp;biz&nbsp;\u00e7ocuklar\u0131n\u0131n&nbsp;da&nbsp;tanr\u0131ya&nbsp;dua&nbsp;etmesi&nbsp;gerekiyordu\u2026 Annem&nbsp;ve&nbsp;dedem,&nbsp;karde\u015fime&nbsp;ve&nbsp;bana&nbsp;s\u0131k&nbsp;s\u0131k&nbsp;masal&nbsp;anlat\u0131rlard\u0131. O&nbsp;zamandankalma, \u201eMavi&nbsp;I\u015f\u0131k\u201c&nbsp;olarak&nbsp;anlat\u0131lan&nbsp;masaldaki&nbsp;ilk&nbsp;resimlerden&nbsp;birini&nbsp;hala&nbsp;saklar\u0131m: \u00c7ocuklu\u011fumdan&nbsp;beri&nbsp;resim&nbsp;yapmak&nbsp;bana&nbsp;hep&nbsp;huzur&nbsp;ve&nbsp;ne\u015fe&nbsp;vermi\u015ftir.&nbsp;Bu&nbsp;ne\u015fege\u00e7en&nbsp;yillarla&nbsp;birlikte&nbsp;ya\u015fad\u0131\u011f\u0131m&nbsp;t\u00fcm&nbsp;olaylarda&nbsp;etkisini&nbsp;s\u00fcrd\u00fcrd\u00fc.&nbsp;G\u00fcnl\u00fck&nbsp;hayat\u0131ni\u00e7inde&nbsp;herkesin&nbsp;ya\u015fad\u0131\u011f\u0131&nbsp;olaylar&nbsp;Roger&nbsp;Willemsen\u2018\u0131n&nbsp;kitab\u0131nda&nbsp;\u201e\u00c7at\u0131rt\u0131\u201c&nbsp;ad\u0131yla&nbsp;hayatbuldu. \u00dcniversitede&nbsp;G\u00fczel&nbsp;Sanatlar,&nbsp;Alman&nbsp;Dili&nbsp;ve&nbsp;Edebiyat\u0131&nbsp;ve&nbsp;Psikoloji&nbsp;okumam&nbsp;banahayat\u0131mda&nbsp;\u00e7ok&nbsp;\u015feyler&nbsp;\u00f6\u011fretti.&nbsp;Ald\u0131\u011f\u0131m&nbsp;bu&nbsp;e\u011fitimler,&nbsp;ba\u015fkalar\u0131na&nbsp;da&nbsp;yard\u0131mc\u0131olabilmemi&nbsp;sa\u011flad\u0131.&nbsp;\u00d6zellikle&nbsp;\u00fcniversite&nbsp;hayat\u0131mda&nbsp;verdikleri&nbsp;\u00f6nemli&nbsp;destekleri&nbsp;i\u00e7inWalter&nbsp;C\u00fcppers, Klaus-Hinrich Roth&nbsp;ve&nbsp;Gudula&nbsp;List\u2018e,&nbsp;ve&nbsp;ayr\u0131ca&nbsp;\u015fefkatli&nbsp;dostlar\u0131mave&nbsp;bu&nbsp;g\u00fcne&nbsp;kadar&nbsp;hep&nbsp;yan\u0131mda&nbsp;hissetti\u011fim&nbsp;arkada\u015flar\u0131ma&nbsp;\u00e7ok&nbsp;te\u015fekk\u00fcr&nbsp;etmekistiyorum. \u0130lk&nbsp;ba\u015fta&nbsp;hikayeler&nbsp;ve&nbsp;masallar&nbsp;i\u00e7imdeki&nbsp;resim&nbsp;yapma&nbsp;arzusunu&nbsp;gidereky\u00fckseltirken&nbsp;sonraki&nbsp;y\u0131llarda&nbsp;buna&nbsp;m\u00fczik&nbsp;a\u015fk\u0131&nbsp;da&nbsp;eklendi.&nbsp;\u00d6zellikle Bossa Nova \u2013 Samba ve Swing\u2018in \u201ek\u0131z\u0131\u201c olarak olu\u015ftu. Zamanla bu a\u015fk ba\u015fka bir boyuta ge\u00e7ti.&nbsp;O da d\u00fcnyay\u0131 gezme \u015fans\u0131\u2026 Dolay\u0131s\u0131yla manevi resimler yarat\u0131ld\u0131. Bu resimler, bende \u201ei\u00e7 d\u00fcnyay\u0131\u201e ke\u015ffetmeyi, bunu anlatmay\u0131 sa\u011flayan esinli bir duyguya yer a\u00e7t\u0131. Umut, Uyku ve Kahkaha\u2018n\u0131n &hellip; <a href=\"https:\/\/acrylicballads.de\/?page_id=1066\" class=\"more-link\"><span class=\"screen-reader-text\">\u201eBiyografi\u201c <\/span>weiterlesen<\/a><\/p>\n","protected":false},"author":1,"featured_media":0,"parent":0,"menu_order":0,"comment_status":"closed","ping_status":"closed","template":"","meta":{"footnotes":""},"class_list":["post-1066","page","type-page","status-publish","hentry"],"_links":{"self":[{"href":"https:\/\/acrylicballads.de\/index.php?rest_route=\/wp\/v2\/pages\/1066","targetHints":{"allow":["GET"]}}],"collection":[{"href":"https:\/\/acrylicballads.de\/index.php?rest_route=\/wp\/v2\/pages"}],"about":[{"href":"https:\/\/acrylicballads.de\/index.php?rest_route=\/wp\/v2\/types\/page"}],"author":[{"embeddable":true,"href":"https:\/\/acrylicballads.de\/index.php?rest_route=\/wp\/v2\/users\/1"}],"replies":[{"embeddable":true,"href":"https:\/\/acrylicballads.de\/index.php?rest_route=%2Fwp%2Fv2%2Fcomments&post=1066"}],"version-history":[{"count":6,"href":"https:\/\/acrylicballads.de\/index.php?rest_route=\/wp\/v2\/pages\/1066\/revisions"}],"predecessor-version":[{"id":1343,"href":"https:\/\/acrylicballads.de\/index.php?rest_route=\/wp\/v2\/pages\/1066\/revisions\/1343"}],"wp:attachment":[{"href":"https:\/\/acrylicballads.de\/index.php?rest_route=%2Fwp%2Fv2%2Fmedia&parent=1066"}],"curies":[{"name":"wp","href":"https:\/\/api.w.org\/{rel}","templated":true}]}}