{"id":1068,"date":"2020-02-23T17:25:23","date_gmt":"2020-02-23T17:25:23","guid":{"rendered":"http:\/\/manu.acrylicballads.de\/?page_id=1068"},"modified":"2022-02-15T07:49:22","modified_gmt":"2022-02-15T07:49:22","slug":"a-minha-biografia","status":"publish","type":"page","link":"https:\/\/acrylicballads.de\/?page_id=1068","title":{"rendered":"A minha Biografia!"},"content":{"rendered":"\n<figure class=\"wp-block-table aligncenter\"><table><tbody><tr><td class=\"has-text-align-center\" data-align=\"center\"><a href=\"http:\/\/acrylicballads.de\/?page_id=1006\"><img decoding=\"async\" class=\"wp-image-1046\" style=\"width: 60px;\" src=\"http:\/\/acrylicballads.de\/wp-content\/uploads\/2020\/02\/germany.jpg\" alt=\"\"><\/a><\/td><td><a href=\"http:\/\/acrylicballads.de\/?page_id=1057\"><img decoding=\"async\" class=\"wp-image-1048\" style=\"width: 60px;\" src=\"http:\/\/acrylicballads.de\/wp-content\/uploads\/2020\/02\/Spanien.jpg\" alt=\"\"><\/a><\/td><td><a href=\"http:\/\/acrylicballads.de\/?page_id=1061\"><img decoding=\"async\" class=\"wp-image-1045\" style=\"width: 60px;\" src=\"http:\/\/acrylicballads.de\/wp-content\/uploads\/2020\/02\/frankreich.jpg\" alt=\"\"><\/a><\/td><td><a href=\"http:\/\/acrylicballads.de\/?page_id=1064\"><img decoding=\"async\" class=\"wp-image-1043\" style=\"width: 60px;\" src=\"http:\/\/acrylicballads.de\/wp-content\/uploads\/2020\/02\/flagge_uk.jpg\" alt=\"\"><\/a><\/td><td><a href=\"http:\/\/acrylicballads.de\/?page_id=1064\"><img decoding=\"async\" class=\"wp-image-1044\" style=\"width: 60px;\" src=\"http:\/\/acrylicballads.de\/wp-content\/uploads\/2020\/02\/flagge_usa.jpg\" alt=\"\"><\/a><\/td><td><a href=\"http:\/\/acrylicballads.de\/?page_id=1064\"><img decoding=\"async\" class=\"wp-image-1042\" style=\"width: 60px;\" src=\"http:\/\/acrylicballads.de\/wp-content\/uploads\/2020\/02\/flagge_kanada.jpg\" alt=\"\"><\/a><\/td><td><a href=\"http:\/\/acrylicballads.de\/?page_id=1066\"><img decoding=\"async\" class=\"wp-image-1049\" style=\"width: 60px;\" src=\"http:\/\/acrylicballads.de\/wp-content\/uploads\/2020\/02\/tuerkei.png\" alt=\"\"><\/a><\/td><td><a href=\"http:\/\/acrylicballads.de\/?page_id=1068\"><img decoding=\"async\" class=\"wp-image-1041\" style=\"width: 60px;\" src=\"http:\/\/acrylicballads.de\/wp-content\/uploads\/2020\/02\/brasilien.jpg\" alt=\"\"><\/a><\/td><td><a href=\"http:\/\/acrylicballads.de\/?page_id=1068\"><img decoding=\"async\" class=\"wp-image-1047\" style=\"width: 60px;\" src=\"http:\/\/acrylicballads.de\/wp-content\/uploads\/2020\/02\/portugal.jpg\" alt=\"\"><\/a><\/td><td><a href=\"https:\/\/acrylicballads.de\/?page_id=1336\" data-type=\"page\" data-id=\"1336\"><img loading=\"lazy\" decoding=\"async\" width=\"60\" height=\"40\" class=\"wp-image-1307\" style=\"width: 60px;\" src=\"https:\/\/acrylicballads.de\/wp-content\/uploads\/2022\/02\/flagge-italien.jpg\" alt=\"\"><\/a><\/td><\/tr><\/tbody><\/table><\/figure>\n\n\n\n<p>Da Profundidade&#8230;&#8230;&#8230;&#8230;&#8230;&#8230;&#8230;&#8230;<\/p>\n\n\n\n<p>Horst Uwe Warnicke nasceu em Packebusch, no estado da Sax\u00f4nia- Anhaltina regi\u00e3o localizada na antiga Alemanha oriental. Como filho de fugitivos cresceu em Duesseldorf e l\u00e1 absolveu a escola prim\u00e1ria cat\u00f3lica. Quando o presidente Lumumba do Congo morreu, n\u00f3s \u201cpimpolhos\u201d tivemos que orar a ele&#8230;.&nbsp;<\/p>\n\n\n\n<p>Naquele tempo a nossa m\u00e3e e o nosso av\u00f4 liam contos antes de n\u00f3s irmos para cama. Naquele tempo pintei o meu primeiro quadro inspirado pelo conta \u201ca luz azul\u201d:&nbsp;<\/p>\n\n\n\n<p><\/p>\n\n\n\n<figure class=\"wp-block-image size-large\"><img loading=\"lazy\" decoding=\"async\" width=\"150\" height=\"200\" src=\"https:\/\/acrylicballads.de\/wp-content\/uploads\/2020\/02\/blaue_licht_k-rotated-e1582396418700.jpg\" alt=\"\" class=\"wp-image-1051\"\/><\/figure>\n\n\n\n<p>Desde a minha inf\u00e2ncia pintar para mim sempre provocou uma alegria estimulante que conservou-se ao percorrer do tempo e permaneceu em todas as fases da minha vida at\u00e9 hoje.Essas fases pertubantes foram descrevidas por Roger Willemsen.&nbsp;<\/p>\n\n\n\n<p>Durante meus estudos de Alem\u00e3o, Arte e Psicologia Individual consegui adquirir e aprofundar conhecimentos que me facilitaram enfrentar a minha vida. Sou muinto grato pelos humorosos e realmente importantes impulsos adquirido durante o meu estudo ao lado de Walter C\u00fcppers, Klaus-Hinrich Roth e Gudula List. E por construir outras profundas e grandes amizades com pessoas amorosas com as quais at\u00e9 hoje mantenho essas amizades.&nbsp;<\/p>\n\n\n\n<p>Naquele tempo foram contos e fatos que inspiraram e deram um inic\u00edo a essa minha profunda vontade de pintar. Um pouco depois de um jeitinho especial chegou a m\u00fasica, como a Bossa Nova, a filha do Samba e do Swing enriquecendo minhas inspira\u00e7oes: A felicidade em viajar o mundo a fora&#8230;&#8230;&nbsp;<\/p>\n\n\n\n<p>E dessa maneira meditativa surgiram minhas pinturas dando para mim um siginificado de dedica\u00e7ao e fascina\u00e7ao e me levando a descobrir e expressar esse emotionante sentimento &gt;esses mundos interiores&lt;.Ficaram importante para mim: a esperan\u00e7a, o sono e o sorriso &#8211; e a certeza que nesse mundo estamos de visita s\u00f3 por um instantinho.&nbsp;<\/p>\n\n\n\n<p>Que essas explicacoes sejam suficientes: agora gostaria de convidar voc\u00eas para passear um pouco neste mundo de imagens&#8230;&nbsp;<\/p>\n\n\n\n<p><\/p>\n\n\n\n<div class=\"wp-block-image\"><figure class=\"aligncenter size-large\"><img loading=\"lazy\" decoding=\"async\" width=\"320\" height=\"320\" src=\"https:\/\/acrylicballads.de\/wp-content\/uploads\/2020\/02\/Horst_profil.jpg\" alt=\"\" class=\"wp-image-1038\" srcset=\"https:\/\/acrylicballads.de\/wp-content\/uploads\/2020\/02\/Horst_profil.jpg 320w, https:\/\/acrylicballads.de\/wp-content\/uploads\/2020\/02\/Horst_profil-300x300.jpg 300w, https:\/\/acrylicballads.de\/wp-content\/uploads\/2020\/02\/Horst_profil-150x150.jpg 150w\" sizes=\"auto, (max-width: 320px) 85vw, 320px\" \/><\/figure><\/div>\n","protected":false},"excerpt":{"rendered":"<p>Da Profundidade&#8230;&#8230;&#8230;&#8230;&#8230;&#8230;&#8230;&#8230; Horst Uwe Warnicke nasceu em Packebusch, no estado da Sax\u00f4nia- Anhaltina regi\u00e3o localizada na antiga Alemanha oriental. Como filho de fugitivos cresceu em Duesseldorf e l\u00e1 absolveu a escola prim\u00e1ria cat\u00f3lica. Quando o presidente Lumumba do Congo morreu, n\u00f3s \u201cpimpolhos\u201d tivemos que orar a ele&#8230;.&nbsp; Naquele tempo a nossa m\u00e3e e o nosso &hellip; <a href=\"https:\/\/acrylicballads.de\/?page_id=1068\" class=\"more-link\"><span class=\"screen-reader-text\">\u201eA minha Biografia!\u201c <\/span>weiterlesen<\/a><\/p>\n","protected":false},"author":1,"featured_media":0,"parent":0,"menu_order":0,"comment_status":"closed","ping_status":"closed","template":"","meta":{"footnotes":""},"class_list":["post-1068","page","type-page","status-publish","hentry"],"_links":{"self":[{"href":"https:\/\/acrylicballads.de\/index.php?rest_route=\/wp\/v2\/pages\/1068","targetHints":{"allow":["GET"]}}],"collection":[{"href":"https:\/\/acrylicballads.de\/index.php?rest_route=\/wp\/v2\/pages"}],"about":[{"href":"https:\/\/acrylicballads.de\/index.php?rest_route=\/wp\/v2\/types\/page"}],"author":[{"embeddable":true,"href":"https:\/\/acrylicballads.de\/index.php?rest_route=\/wp\/v2\/users\/1"}],"replies":[{"embeddable":true,"href":"https:\/\/acrylicballads.de\/index.php?rest_route=%2Fwp%2Fv2%2Fcomments&post=1068"}],"version-history":[{"count":7,"href":"https:\/\/acrylicballads.de\/index.php?rest_route=\/wp\/v2\/pages\/1068\/revisions"}],"predecessor-version":[{"id":1340,"href":"https:\/\/acrylicballads.de\/index.php?rest_route=\/wp\/v2\/pages\/1068\/revisions\/1340"}],"wp:attachment":[{"href":"https:\/\/acrylicballads.de\/index.php?rest_route=%2Fwp%2Fv2%2Fmedia&parent=1068"}],"curies":[{"name":"wp","href":"https:\/\/api.w.org\/{rel}","templated":true}]}}